{"id":12,"date":"2020-09-08T15:20:51","date_gmt":"2020-09-08T15:20:51","guid":{"rendered":"https:\/\/fakir.ch\/?page_id=12"},"modified":"2025-11-24T14:23:17","modified_gmt":"2025-11-24T14:23:17","slug":"rodanihoellenshow","status":"publish","type":"page","link":"https:\/\/fakir.ch\/","title":{"rendered":"H\u00f6lloch-Tour, Raclette und Feuershow"},"content":{"rendered":"<p><span style=\"font-size: 14pt;\">Erleben Sie mit einem erfahrenen Tourguide\/in von <a href=\"http:\/\/www.trekking.ch\" target=\"_blank\" rel=\"noopener noreferrer\">trekking.ch<\/a> die Geschichte des H\u00f6lloch kennen, welche mit einem abschliessenden Raclette-Schmaus in der H\u00f6hle endet.<\/span><\/p>\n<p><img loading=\"lazy\" decoding=\"async\" class=\"alignnone wp-image-222 size-large\" src=\"https:\/\/fakir.ch\/wp-content\/uploads\/2020\/09\/Hoelloch00-1024x768.jpg\" alt=\"\" width=\"584\" height=\"438\" srcset=\"https:\/\/fakir.ch\/wp-content\/uploads\/2020\/09\/Hoelloch00-1024x768.jpg 1024w, https:\/\/fakir.ch\/wp-content\/uploads\/2020\/09\/Hoelloch00-300x225.jpg 300w, https:\/\/fakir.ch\/wp-content\/uploads\/2020\/09\/Hoelloch00-768x576.jpg 768w, https:\/\/fakir.ch\/wp-content\/uploads\/2020\/09\/Hoelloch00-1536x1152.jpg 1536w, https:\/\/fakir.ch\/wp-content\/uploads\/2020\/09\/Hoelloch00-400x300.jpg 400w, https:\/\/fakir.ch\/wp-content\/uploads\/2020\/09\/Hoelloch00.jpg 1824w\" sizes=\"auto, (max-width: 584px) 100vw, 584px\" \/><\/p>\n<p>Als mystischen H\u00f6hepunkt und kr\u00f6nenden Abschluss der H\u00f6lloch-Tour mit Raclette oder Apero, kann die Feuershow von Rodani bei <a href=\"https:\/\/www.trekking.ch\/kontakt\" target=\"_blank\" rel=\"noopener noreferrer\">trekking.ch<\/a> dazu gebucht werden.<\/p>\n<p><img loading=\"lazy\" decoding=\"async\" class=\"alignnone wp-image-630 size-large\" src=\"https:\/\/fakir.ch\/wp-content\/uploads\/2023\/10\/Feuerspucken-Hoelloch-1024x580.jpg\" alt=\"\" width=\"584\" height=\"331\" srcset=\"https:\/\/fakir.ch\/wp-content\/uploads\/2023\/10\/Feuerspucken-Hoelloch-1024x580.jpg 1024w, https:\/\/fakir.ch\/wp-content\/uploads\/2023\/10\/Feuerspucken-Hoelloch-300x170.jpg 300w, https:\/\/fakir.ch\/wp-content\/uploads\/2023\/10\/Feuerspucken-Hoelloch-768x435.jpg 768w, https:\/\/fakir.ch\/wp-content\/uploads\/2023\/10\/Feuerspucken-Hoelloch-500x283.jpg 500w, https:\/\/fakir.ch\/wp-content\/uploads\/2023\/10\/Feuerspucken-Hoelloch.jpg 1251w\" sizes=\"auto, (max-width: 584px) 100vw, 584px\" \/>Rodani als feuerspuckender H\u00f6lloch-Teufel in einem Ambiente der besonderen Art.<\/p>\n<p><img loading=\"lazy\" decoding=\"async\" class=\"alignnone wp-image-26 size-large\" src=\"https:\/\/fakir.ch\/wp-content\/uploads\/2020\/09\/IMG-20200904-WA0000-1024x768.jpg\" alt=\"\" width=\"584\" height=\"438\" srcset=\"https:\/\/fakir.ch\/wp-content\/uploads\/2020\/09\/IMG-20200904-WA0000-1024x768.jpg 1024w, https:\/\/fakir.ch\/wp-content\/uploads\/2020\/09\/IMG-20200904-WA0000-300x225.jpg 300w, https:\/\/fakir.ch\/wp-content\/uploads\/2020\/09\/IMG-20200904-WA0000-768x576.jpg 768w, https:\/\/fakir.ch\/wp-content\/uploads\/2020\/09\/IMG-20200904-WA0000-1536x1152.jpg 1536w, https:\/\/fakir.ch\/wp-content\/uploads\/2020\/09\/IMG-20200904-WA0000-400x300.jpg 400w, https:\/\/fakir.ch\/wp-content\/uploads\/2020\/09\/IMG-20200904-WA0000.jpg 2000w\" sizes=\"auto, (max-width: 584px) 100vw, 584px\" \/>H\u00f6llochf\u00fchrerin Denise Hediger, Verantwortliche f\u00fcr das H\u00f6hlenraclette mit ihrem Vater Beat B\u00fcrgler (Rodani), welcher als H\u00f6lloch-Teufel, seine Feuerk\u00fcnste zum Besten gibt.<\/p>\n<p style=\"text-align: left;\"><img loading=\"lazy\" decoding=\"async\" class=\"alignnone wp-image-402 size-large aligncenter\" src=\"https:\/\/fakir.ch\/wp-content\/uploads\/2021\/10\/DeniseBeat6-1024x715.jpg\" alt=\"\" width=\"584\" height=\"408\" srcset=\"https:\/\/fakir.ch\/wp-content\/uploads\/2021\/10\/DeniseBeat6-1024x715.jpg 1024w, https:\/\/fakir.ch\/wp-content\/uploads\/2021\/10\/DeniseBeat6-300x209.jpg 300w, https:\/\/fakir.ch\/wp-content\/uploads\/2021\/10\/DeniseBeat6-768x536.jpg 768w, https:\/\/fakir.ch\/wp-content\/uploads\/2021\/10\/DeniseBeat6-430x300.jpg 430w, https:\/\/fakir.ch\/wp-content\/uploads\/2021\/10\/DeniseBeat6.jpg 1500w\" sizes=\"auto, (max-width: 584px) 100vw, 584px\" \/><\/p>\n<p><iframe loading=\"lazy\" title=\"Feuershow im H\u00f6lloch Muotathal (Ausschnitt 2023)\" width=\"584\" height=\"329\" src=\"https:\/\/www.youtube.com\/embed\/zbwVc9RshGw?feature=oembed\" frameborder=\"0\" allow=\"accelerometer; autoplay; clipboard-write; encrypted-media; gyroscope; picture-in-picture; web-share\" referrerpolicy=\"strict-origin-when-cross-origin\" allowfullscreen><\/iframe><\/p>\n<p style=\"text-align: left;\">Mystische Feuershow mit dem H\u00f6lloch-Teufel nach einer professionell gef\u00fchrten H\u00f6lloch-Tour und anschliessendem Apero, oder Raclette.<br \/>\n<em>Ein Erlebnis f\u00fcr Jung und Alt, ganz besonderer Art!<\/em><\/p>\n","protected":false},"excerpt":{"rendered":"<p>Erleben Sie mit einem erfahrenen Tourguide\/in von trekking.ch die Geschichte des H\u00f6lloch kennen, welche mit einem abschliessenden Raclette-Schmaus in der H\u00f6hle endet. Als mystischen H\u00f6hepunkt und kr\u00f6nenden Abschluss der H\u00f6lloch-Tour mit Raclette oder Apero, kann die Feuershow von Rodani bei &hellip; <a href=\"https:\/\/fakir.ch\/\">Weiterlesen <span class=\"meta-nav\">&rarr;<\/span><\/a><\/p>\n","protected":false},"author":1,"featured_media":0,"parent":0,"menu_order":0,"comment_status":"closed","ping_status":"closed","template":"","meta":{"footnotes":""},"class_list":["post-12","page","type-page","status-publish","hentry"],"_links":{"self":[{"href":"https:\/\/fakir.ch\/index.php?rest_route=\/wp\/v2\/pages\/12","targetHints":{"allow":["GET"]}}],"collection":[{"href":"https:\/\/fakir.ch\/index.php?rest_route=\/wp\/v2\/pages"}],"about":[{"href":"https:\/\/fakir.ch\/index.php?rest_route=\/wp\/v2\/types\/page"}],"author":[{"embeddable":true,"href":"https:\/\/fakir.ch\/index.php?rest_route=\/wp\/v2\/users\/1"}],"replies":[{"embeddable":true,"href":"https:\/\/fakir.ch\/index.php?rest_route=%2Fwp%2Fv2%2Fcomments&post=12"}],"version-history":[{"count":61,"href":"https:\/\/fakir.ch\/index.php?rest_route=\/wp\/v2\/pages\/12\/revisions"}],"predecessor-version":[{"id":706,"href":"https:\/\/fakir.ch\/index.php?rest_route=\/wp\/v2\/pages\/12\/revisions\/706"}],"wp:attachment":[{"href":"https:\/\/fakir.ch\/index.php?rest_route=%2Fwp%2Fv2%2Fmedia&parent=12"}],"curies":[{"name":"wp","href":"https:\/\/api.w.org\/{rel}","templated":true}]}}