{"id":144,"date":"2020-09-08T18:20:23","date_gmt":"2020-09-08T18:20:23","guid":{"rendered":"https:\/\/fakir.ch\/?page_id=144"},"modified":"2024-10-02T15:30:46","modified_gmt":"2024-10-02T15:30:46","slug":"ueber-rodani","status":"publish","type":"page","link":"https:\/\/fakir.ch\/?page_id=144","title":{"rendered":"\u00dcber Rodani"},"content":{"rendered":"<p><img loading=\"lazy\" decoding=\"async\" class=\"alignnone wp-image-146 size-large\" src=\"https:\/\/fakir.ch\/wp-content\/uploads\/2020\/09\/Beat-1024x768.jpg\" alt=\"\" width=\"584\" height=\"438\" srcset=\"https:\/\/fakir.ch\/wp-content\/uploads\/2020\/09\/Beat-1024x768.jpg 1024w, https:\/\/fakir.ch\/wp-content\/uploads\/2020\/09\/Beat-300x225.jpg 300w, https:\/\/fakir.ch\/wp-content\/uploads\/2020\/09\/Beat-768x576.jpg 768w, https:\/\/fakir.ch\/wp-content\/uploads\/2020\/09\/Beat-1536x1152.jpg 1536w, https:\/\/fakir.ch\/wp-content\/uploads\/2020\/09\/Beat-2048x1536.jpg 2048w, https:\/\/fakir.ch\/wp-content\/uploads\/2020\/09\/Beat-400x300.jpg 400w\" sizes=\"auto, (max-width: 584px) 100vw, 584px\" \/><\/p>\n<p><span style=\"font-family: arial, helvetica, sans-serif; font-size: 12pt;\">&#8211; Rodani mit b\u00fcrgerlichem Namen Beat B\u00fcrgler<\/span><\/p>\n<p><span style=\"font-family: arial, helvetica, sans-serif; font-size: 12pt;\">&#8211; geboren 1956 im schmucken Bergd\u00f6rfchen\u00a0Illgau\u00a0im Kanton Schwyz CH<\/span><\/p>\n<p><span style=\"font-family: arial, helvetica, sans-serif; font-size: 12pt;\">&#8211; Nach den Grundschulen, Gymnasium im College St. Joseph in Matran<\/span><\/p>\n<p><span style=\"font-family: arial, helvetica, sans-serif; font-size: 12pt;\">&#8211; erlernter Beruf, dipl. Postbeamter, sowie Logistik und Betriebsstoffwart<\/span><\/p>\n<p><span style=\"font-family: arial, helvetica, sans-serif; font-size: 12pt;\">&#8211; Seit 1979 befasst sich Fakir Rodani intensiv mit Spielkamerad &#171;Feuer&#187;.<\/span><\/p>\n<p><span style=\"font-family: arial, helvetica, sans-serif; font-size: 12pt;\">&#8211; Seit 1985 viele professionelle Auftritte als Fakir im Inn- und Ausland.<\/span><\/p>\n<p><span style=\"font-family: arial,helvetica,sans-serif; font-size: 12pt;\">&#8211; Auftritte in Monte Carlo 1999<\/span><\/p>\n<p><span style=\"font-family: arial,helvetica,sans-serif; font-size: 12pt;\">&#8211; Am Strassenpflasterspektakel in Linz 1999<\/span><\/p>\n<p><span style=\"font-family: arial,helvetica,sans-serif; font-size: 12pt;\">&#8211; Weltrekord im Rasierklingenschlucken 1988 insgesamt 110 Klingen<\/span><\/p>\n<p><span style=\"font-family: arial,helvetica,sans-serif; font-size: 12pt;\">&#8211; Weltrekord im Glasscherbenliegen 35 Min. mit 100 Kilo auf der Brust<\/span><\/p>\n<p><span style=\"font-family: arial, helvetica, sans-serif; font-size: 12pt;\">&#8211; diverse Fernsehauftritte, Galas und \u00f6ffentliche Veranstaltungen.<\/span><\/p>\n<p><span style=\"font-family: arial, helvetica, sans-serif; font-size: 12pt;\">&#8211; Seit Anfang 2001 auch als Duo mit B\u00fchnenpartnerin Sharifa &#171;Duo Sharoni&#187;<\/span><\/p>\n<p><a href=\"https:\/\/fakir.ch\/wp-content\/uploads\/2020\/09\/IMG_3716.jpg\"><img loading=\"lazy\" decoding=\"async\" class=\"alignnone wp-image-159 size-medium\" src=\"https:\/\/fakir.ch\/wp-content\/uploads\/2020\/09\/IMG_3716-225x300.jpg\" alt=\"\" width=\"225\" height=\"300\" srcset=\"https:\/\/fakir.ch\/wp-content\/uploads\/2020\/09\/IMG_3716-225x300.jpg 225w, https:\/\/fakir.ch\/wp-content\/uploads\/2020\/09\/IMG_3716-768x1024.jpg 768w, https:\/\/fakir.ch\/wp-content\/uploads\/2020\/09\/IMG_3716-1152x1536.jpg 1152w, https:\/\/fakir.ch\/wp-content\/uploads\/2020\/09\/IMG_3716.jpg 1200w\" sizes=\"auto, (max-width: 225px) 100vw, 225px\" \/><\/a><\/p>\n<p style=\"text-align: center;\">\n","protected":false},"excerpt":{"rendered":"<p>&#8211; Rodani mit b\u00fcrgerlichem Namen Beat B\u00fcrgler &#8211; geboren 1956 im schmucken Bergd\u00f6rfchen\u00a0Illgau\u00a0im Kanton Schwyz CH &#8211; Nach den Grundschulen, Gymnasium im College St. Joseph in Matran &#8211; erlernter Beruf, dipl. Postbeamter, sowie Logistik und Betriebsstoffwart &#8211; Seit 1979 befasst &hellip; <a href=\"https:\/\/fakir.ch\/?page_id=144\">Weiterlesen <span class=\"meta-nav\">&rarr;<\/span><\/a><\/p>\n","protected":false},"author":1,"featured_media":0,"parent":0,"menu_order":0,"comment_status":"closed","ping_status":"closed","template":"","meta":{"footnotes":""},"class_list":["post-144","page","type-page","status-publish","hentry"],"_links":{"self":[{"href":"https:\/\/fakir.ch\/index.php?rest_route=\/wp\/v2\/pages\/144","targetHints":{"allow":["GET"]}}],"collection":[{"href":"https:\/\/fakir.ch\/index.php?rest_route=\/wp\/v2\/pages"}],"about":[{"href":"https:\/\/fakir.ch\/index.php?rest_route=\/wp\/v2\/types\/page"}],"author":[{"embeddable":true,"href":"https:\/\/fakir.ch\/index.php?rest_route=\/wp\/v2\/users\/1"}],"replies":[{"embeddable":true,"href":"https:\/\/fakir.ch\/index.php?rest_route=%2Fwp%2Fv2%2Fcomments&post=144"}],"version-history":[{"count":17,"href":"https:\/\/fakir.ch\/index.php?rest_route=\/wp\/v2\/pages\/144\/revisions"}],"predecessor-version":[{"id":669,"href":"https:\/\/fakir.ch\/index.php?rest_route=\/wp\/v2\/pages\/144\/revisions\/669"}],"wp:attachment":[{"href":"https:\/\/fakir.ch\/index.php?rest_route=%2Fwp%2Fv2%2Fmedia&parent=144"}],"curies":[{"name":"wp","href":"https:\/\/api.w.org\/{rel}","templated":true}]}}