{"id":253,"date":"2020-09-24T15:28:43","date_gmt":"2020-09-24T15:28:43","guid":{"rendered":"https:\/\/fakir.ch\/?page_id=253"},"modified":"2020-09-24T18:12:44","modified_gmt":"2020-09-24T18:12:44","slug":"abteilungs-event-am-03-september-2020","status":"publish","type":"page","link":"https:\/\/fakir.ch\/?page_id=253","title":{"rendered":"Abteilungs &#8211; Event am 03. September 2020"},"content":{"rendered":"<p>Wir waren mit unserer Abteilung dabei. Es hat uns allen eine riesen Freude gemacht. Klasse F\u00fchrung durch das mystische H\u00f6lloch, Top Infos, geniales Raclette in verr\u00fcckter Atmosph\u00e4re und die kurzweilige Showeinlage des Fakirs&#8230; und zum Schluss noch eine Einmannunterhaltungseinlage von einem echten Muotathaler Original.<\/p>\n<p><img loading=\"lazy\" decoding=\"async\" class=\"alignnone wp-image-242 size-large\" src=\"https:\/\/fakir.ch\/wp-content\/uploads\/2020\/09\/FOBC5000-768x1024.jpg\" alt=\"\" width=\"584\" height=\"779\" srcset=\"https:\/\/fakir.ch\/wp-content\/uploads\/2020\/09\/FOBC5000-768x1024.jpg 768w, https:\/\/fakir.ch\/wp-content\/uploads\/2020\/09\/FOBC5000-225x300.jpg 225w, https:\/\/fakir.ch\/wp-content\/uploads\/2020\/09\/FOBC5000-1152x1536.jpg 1152w, https:\/\/fakir.ch\/wp-content\/uploads\/2020\/09\/FOBC5000.jpg 1536w\" sizes=\"auto, (max-width: 584px) 100vw, 584px\" \/><\/p>\n<p><img loading=\"lazy\" decoding=\"async\" class=\"alignnone wp-image-243 size-full\" src=\"https:\/\/fakir.ch\/wp-content\/uploads\/2020\/09\/HCLW3257.jpg\" alt=\"\" width=\"768\" height=\"1024\" srcset=\"https:\/\/fakir.ch\/wp-content\/uploads\/2020\/09\/HCLW3257.jpg 768w, https:\/\/fakir.ch\/wp-content\/uploads\/2020\/09\/HCLW3257-225x300.jpg 225w\" sizes=\"auto, (max-width: 768px) 100vw, 768px\" \/><\/p>\n<p><img loading=\"lazy\" decoding=\"async\" class=\"alignnone wp-image-245 size-large\" src=\"https:\/\/fakir.ch\/wp-content\/uploads\/2020\/09\/IMG_3108-1024x768.jpg\" alt=\"\" width=\"584\" height=\"438\" srcset=\"https:\/\/fakir.ch\/wp-content\/uploads\/2020\/09\/IMG_3108-1024x768.jpg 1024w, https:\/\/fakir.ch\/wp-content\/uploads\/2020\/09\/IMG_3108-300x225.jpg 300w, https:\/\/fakir.ch\/wp-content\/uploads\/2020\/09\/IMG_3108-768x576.jpg 768w, https:\/\/fakir.ch\/wp-content\/uploads\/2020\/09\/IMG_3108-1536x1152.jpg 1536w, https:\/\/fakir.ch\/wp-content\/uploads\/2020\/09\/IMG_3108-2048x1536.jpg 2048w, https:\/\/fakir.ch\/wp-content\/uploads\/2020\/09\/IMG_3108-400x300.jpg 400w\" sizes=\"auto, (max-width: 584px) 100vw, 584px\" \/><\/p>\n<p><img loading=\"lazy\" decoding=\"async\" class=\"alignnone wp-image-270 size-large\" src=\"https:\/\/fakir.ch\/wp-content\/uploads\/2020\/09\/IMG-20200905-WA0001-768x1024.jpg\" alt=\"\" width=\"584\" height=\"779\" srcset=\"https:\/\/fakir.ch\/wp-content\/uploads\/2020\/09\/IMG-20200905-WA0001-768x1024.jpg 768w, https:\/\/fakir.ch\/wp-content\/uploads\/2020\/09\/IMG-20200905-WA0001-225x300.jpg 225w, https:\/\/fakir.ch\/wp-content\/uploads\/2020\/09\/IMG-20200905-WA0001-1152x1536.jpg 1152w, https:\/\/fakir.ch\/wp-content\/uploads\/2020\/09\/IMG-20200905-WA0001.jpg 1500w\" sizes=\"auto, (max-width: 584px) 100vw, 584px\" \/><\/p>\n<p><img loading=\"lazy\" decoding=\"async\" class=\"alignnone wp-image-248 size-large\" src=\"https:\/\/fakir.ch\/wp-content\/uploads\/2020\/09\/IMG_3129-1024x768.jpg\" alt=\"\" width=\"584\" height=\"438\" srcset=\"https:\/\/fakir.ch\/wp-content\/uploads\/2020\/09\/IMG_3129-1024x768.jpg 1024w, https:\/\/fakir.ch\/wp-content\/uploads\/2020\/09\/IMG_3129-300x225.jpg 300w, https:\/\/fakir.ch\/wp-content\/uploads\/2020\/09\/IMG_3129-768x576.jpg 768w, https:\/\/fakir.ch\/wp-content\/uploads\/2020\/09\/IMG_3129-1536x1152.jpg 1536w, https:\/\/fakir.ch\/wp-content\/uploads\/2020\/09\/IMG_3129-2048x1536.jpg 2048w, https:\/\/fakir.ch\/wp-content\/uploads\/2020\/09\/IMG_3129-400x300.jpg 400w\" sizes=\"auto, (max-width: 584px) 100vw, 584px\" \/><\/p>\n<p><img loading=\"lazy\" decoding=\"async\" class=\"alignnone wp-image-247 size-large\" src=\"https:\/\/fakir.ch\/wp-content\/uploads\/2020\/09\/IMG_3128-1024x768.jpg\" alt=\"\" width=\"584\" height=\"438\" srcset=\"https:\/\/fakir.ch\/wp-content\/uploads\/2020\/09\/IMG_3128-1024x768.jpg 1024w, https:\/\/fakir.ch\/wp-content\/uploads\/2020\/09\/IMG_3128-300x225.jpg 300w, https:\/\/fakir.ch\/wp-content\/uploads\/2020\/09\/IMG_3128-768x576.jpg 768w, https:\/\/fakir.ch\/wp-content\/uploads\/2020\/09\/IMG_3128-1536x1152.jpg 1536w, https:\/\/fakir.ch\/wp-content\/uploads\/2020\/09\/IMG_3128-2048x1536.jpg 2048w, https:\/\/fakir.ch\/wp-content\/uploads\/2020\/09\/IMG_3128-400x300.jpg 400w\" sizes=\"auto, (max-width: 584px) 100vw, 584px\" \/><\/p>\n<p><img loading=\"lazy\" decoding=\"async\" class=\"alignnone wp-image-238 size-large\" src=\"https:\/\/fakir.ch\/wp-content\/uploads\/2020\/09\/47-1024x768.jpg\" alt=\"\" width=\"584\" height=\"438\" srcset=\"https:\/\/fakir.ch\/wp-content\/uploads\/2020\/09\/47-1024x768.jpg 1024w, https:\/\/fakir.ch\/wp-content\/uploads\/2020\/09\/47-300x225.jpg 300w, https:\/\/fakir.ch\/wp-content\/uploads\/2020\/09\/47-768x576.jpg 768w, https:\/\/fakir.ch\/wp-content\/uploads\/2020\/09\/47-1536x1152.jpg 1536w, https:\/\/fakir.ch\/wp-content\/uploads\/2020\/09\/47-2048x1536.jpg 2048w, https:\/\/fakir.ch\/wp-content\/uploads\/2020\/09\/47-400x300.jpg 400w\" sizes=\"auto, (max-width: 584px) 100vw, 584px\" \/><\/p>\n<p><img loading=\"lazy\" decoding=\"async\" class=\"alignnone wp-image-237 size-large\" src=\"https:\/\/fakir.ch\/wp-content\/uploads\/2020\/09\/45-768x1024.jpg\" alt=\"\" width=\"584\" height=\"779\" srcset=\"https:\/\/fakir.ch\/wp-content\/uploads\/2020\/09\/45-768x1024.jpg 768w, https:\/\/fakir.ch\/wp-content\/uploads\/2020\/09\/45-225x300.jpg 225w, https:\/\/fakir.ch\/wp-content\/uploads\/2020\/09\/45-1152x1536.jpg 1152w, https:\/\/fakir.ch\/wp-content\/uploads\/2020\/09\/45-1536x2048.jpg 1536w, https:\/\/fakir.ch\/wp-content\/uploads\/2020\/09\/45-scaled.jpg 1920w\" sizes=\"auto, (max-width: 584px) 100vw, 584px\" \/><\/p>\n<p><img loading=\"lazy\" decoding=\"async\" class=\"alignnone wp-image-267 size-full\" src=\"https:\/\/fakir.ch\/wp-content\/uploads\/2020\/09\/RIDN9410-1.jpg\" alt=\"\" width=\"768\" height=\"1024\" srcset=\"https:\/\/fakir.ch\/wp-content\/uploads\/2020\/09\/RIDN9410-1.jpg 768w, https:\/\/fakir.ch\/wp-content\/uploads\/2020\/09\/RIDN9410-1-225x300.jpg 225w\" sizes=\"auto, (max-width: 768px) 100vw, 768px\" \/><\/p>\n<p><img loading=\"lazy\" decoding=\"async\" class=\"alignnone wp-image-239 size-large\" src=\"https:\/\/fakir.ch\/wp-content\/uploads\/2020\/09\/48-1024x768.jpg\" alt=\"\" width=\"584\" height=\"438\" srcset=\"https:\/\/fakir.ch\/wp-content\/uploads\/2020\/09\/48-1024x768.jpg 1024w, https:\/\/fakir.ch\/wp-content\/uploads\/2020\/09\/48-300x225.jpg 300w, https:\/\/fakir.ch\/wp-content\/uploads\/2020\/09\/48-768x576.jpg 768w, https:\/\/fakir.ch\/wp-content\/uploads\/2020\/09\/48-1536x1152.jpg 1536w, https:\/\/fakir.ch\/wp-content\/uploads\/2020\/09\/48-2048x1536.jpg 2048w, https:\/\/fakir.ch\/wp-content\/uploads\/2020\/09\/48-400x300.jpg 400w\" sizes=\"auto, (max-width: 584px) 100vw, 584px\" \/><\/p>\n<p><img loading=\"lazy\" decoding=\"async\" class=\"alignnone wp-image-240 size-large\" src=\"https:\/\/fakir.ch\/wp-content\/uploads\/2020\/09\/49-1024x768.jpg\" alt=\"\" width=\"584\" height=\"438\" srcset=\"https:\/\/fakir.ch\/wp-content\/uploads\/2020\/09\/49-1024x768.jpg 1024w, https:\/\/fakir.ch\/wp-content\/uploads\/2020\/09\/49-300x225.jpg 300w, https:\/\/fakir.ch\/wp-content\/uploads\/2020\/09\/49-768x576.jpg 768w, https:\/\/fakir.ch\/wp-content\/uploads\/2020\/09\/49-1536x1152.jpg 1536w, https:\/\/fakir.ch\/wp-content\/uploads\/2020\/09\/49-2048x1536.jpg 2048w, https:\/\/fakir.ch\/wp-content\/uploads\/2020\/09\/49-400x300.jpg 400w\" sizes=\"auto, (max-width: 584px) 100vw, 584px\" \/><\/p>\n","protected":false},"excerpt":{"rendered":"<p>Wir waren mit unserer Abteilung dabei. Es hat uns allen eine riesen Freude gemacht. Klasse F\u00fchrung durch das mystische H\u00f6lloch, Top Infos, geniales Raclette in verr\u00fcckter Atmosph\u00e4re und die kurzweilige Showeinlage des Fakirs&#8230; und zum Schluss noch eine Einmannunterhaltungseinlage von &hellip; <a href=\"https:\/\/fakir.ch\/?page_id=253\">Weiterlesen <span class=\"meta-nav\">&rarr;<\/span><\/a><\/p>\n","protected":false},"author":1,"featured_media":0,"parent":0,"menu_order":0,"comment_status":"closed","ping_status":"closed","template":"","meta":{"footnotes":""},"class_list":["post-253","page","type-page","status-publish","hentry"],"_links":{"self":[{"href":"https:\/\/fakir.ch\/index.php?rest_route=\/wp\/v2\/pages\/253","targetHints":{"allow":["GET"]}}],"collection":[{"href":"https:\/\/fakir.ch\/index.php?rest_route=\/wp\/v2\/pages"}],"about":[{"href":"https:\/\/fakir.ch\/index.php?rest_route=\/wp\/v2\/types\/page"}],"author":[{"embeddable":true,"href":"https:\/\/fakir.ch\/index.php?rest_route=\/wp\/v2\/users\/1"}],"replies":[{"embeddable":true,"href":"https:\/\/fakir.ch\/index.php?rest_route=%2Fwp%2Fv2%2Fcomments&post=253"}],"version-history":[{"count":8,"href":"https:\/\/fakir.ch\/index.php?rest_route=\/wp\/v2\/pages\/253\/revisions"}],"predecessor-version":[{"id":274,"href":"https:\/\/fakir.ch\/index.php?rest_route=\/wp\/v2\/pages\/253\/revisions\/274"}],"wp:attachment":[{"href":"https:\/\/fakir.ch\/index.php?rest_route=%2Fwp%2Fv2%2Fmedia&parent=253"}],"curies":[{"name":"wp","href":"https:\/\/api.w.org\/{rel}","templated":true}]}}