{"id":30,"date":"2020-09-08T15:39:04","date_gmt":"2020-09-08T15:39:04","guid":{"rendered":"https:\/\/fakir.ch\/?page_id=30"},"modified":"2025-03-28T10:15:33","modified_gmt":"2025-03-28T10:15:33","slug":"hoelloch-tour","status":"publish","type":"page","link":"https:\/\/fakir.ch\/?page_id=30","title":{"rendered":"H\u00f6lloch-Tour"},"content":{"rendered":"<div class=\"col-inner\">\n<p><strong><span style=\"font-size: 14pt;\">H\u00f6hlen &#8211; Raclette<\/span><\/strong><\/p>\n<ul>\n<li><span style=\"font-size: 12pt;\">gem\u00fctlich \u2013 stimmungsvoll \u2013 einmalig \u2013 und sooo gut!<\/span><\/li>\n<li><span style=\"font-size: 12pt;\">kombinierbar mit jeder beliebigen H\u00f6hlentour<\/span><\/li>\n<li><span style=\"font-size: 12pt;\">ca. 1 \u2013 1\u00bd Stunden<\/span><\/li>\n<li><span style=\"font-size: 12pt;\">f\u00fcr Gruppen ab 10 Personen<\/span><\/li>\n<li><span style=\"font-size: 12pt;\">\u00d6ffentliche Termine f\u00fcr Einzelpersonen &amp; Kleingruppen<\/span><\/li>\n<li><span style=\"font-size: 12pt;\">Ab CHF 58.00 pro Person<\/span><\/li>\n<li><span style=\"font-size: 12pt;\">Gut kombinierbar mit der spektakul\u00e4ren Feuer-Show mit dem H\u00f6lloch-Teufel.<\/span><\/li>\n<\/ul>\n<p><strong><span style=\"font-size: 14pt;\">H\u00f6hlen &#8211; Ap\u00e9ro<\/span><\/strong><\/p>\n<ul>\n<li><span style=\"font-size: 12pt;\">stimmungsvoller Abschluss Ihrer H\u00f6lloch Tour<\/span><\/li>\n<li><span style=\"font-size: 12pt;\">mit Kerzenlicht und H\u00f6hlenmusik<\/span><\/li>\n<li><span style=\"font-size: 12pt;\">von Ap\u00e9ro einfach bis Ap\u00e9ro riche<\/span><\/li>\n<li><span style=\"font-size: 12pt;\">ca. 30 \u2013 45 Minuten, je nach gew\u00e4hltem Ap\u00e9ro<\/span><\/li>\n<li><span style=\"font-size: 12pt;\">ab CHF 15.00 pro Person<\/span><\/li>\n<li><span style=\"font-size: 12pt;\">Neu: Spektakul\u00e4re Feuer-Show mit H\u00f6lloch-Teufel!\u00a0<\/span><\/li>\n<\/ul>\n<\/div>\n<p><span style=\"font-size: 12pt;\">Peter Draganits Firmeninhaber<\/span><br \/>\n<span style=\"font-size: 12pt;\">www.trekking.ch<\/span><br \/>\n<span style=\"font-size: 12pt;\">info@trekking.ch<\/span><\/p>\n<p><span style=\"font-size: 12pt;\">Seit 1988 Outdoor Pionier mit Qualit\u00e4t und Sicherheitslabel. Since 1988 high standards in safety, quality and training.<\/span><\/p>\n<p><img loading=\"lazy\" decoding=\"async\" class=\"alignnone wp-image-685 size-large\" src=\"https:\/\/fakir.ch\/wp-content\/uploads\/2025\/03\/IMG-20250322-WA0011-1024x682.jpg\" alt=\"\" width=\"584\" height=\"389\" srcset=\"https:\/\/fakir.ch\/wp-content\/uploads\/2025\/03\/IMG-20250322-WA0011-1024x682.jpg 1024w, https:\/\/fakir.ch\/wp-content\/uploads\/2025\/03\/IMG-20250322-WA0011-300x200.jpg 300w, https:\/\/fakir.ch\/wp-content\/uploads\/2025\/03\/IMG-20250322-WA0011-768x512.jpg 768w, https:\/\/fakir.ch\/wp-content\/uploads\/2025\/03\/IMG-20250322-WA0011-1536x1023.jpg 1536w, https:\/\/fakir.ch\/wp-content\/uploads\/2025\/03\/IMG-20250322-WA0011-450x300.jpg 450w, https:\/\/fakir.ch\/wp-content\/uploads\/2025\/03\/IMG-20250322-WA0011.jpg 1600w\" sizes=\"auto, (max-width: 584px) 100vw, 584px\" \/><span style=\"font-size: 12pt;\">Instruktionen vor der Tour an der H\u00f6hlenwand im neuen H\u00f6lloch-Center.<\/span><\/p>\n<p><img loading=\"lazy\" decoding=\"async\" class=\"alignnone wp-image-203 size-large\" src=\"https:\/\/fakir.ch\/wp-content\/uploads\/2020\/09\/IMG-20200913-WA0019-1024x768.jpg\" alt=\"\" width=\"584\" height=\"438\" srcset=\"https:\/\/fakir.ch\/wp-content\/uploads\/2020\/09\/IMG-20200913-WA0019-1024x768.jpg 1024w, https:\/\/fakir.ch\/wp-content\/uploads\/2020\/09\/IMG-20200913-WA0019-300x225.jpg 300w, https:\/\/fakir.ch\/wp-content\/uploads\/2020\/09\/IMG-20200913-WA0019-768x576.jpg 768w, https:\/\/fakir.ch\/wp-content\/uploads\/2020\/09\/IMG-20200913-WA0019-1536x1152.jpg 1536w, https:\/\/fakir.ch\/wp-content\/uploads\/2020\/09\/IMG-20200913-WA0019-400x300.jpg 400w, https:\/\/fakir.ch\/wp-content\/uploads\/2020\/09\/IMG-20200913-WA0019.jpg 2048w\" sizes=\"auto, (max-width: 584px) 100vw, 584px\" \/><\/p>\n<p><img loading=\"lazy\" decoding=\"async\" class=\"alignnone wp-image-205 size-large\" src=\"https:\/\/fakir.ch\/wp-content\/uploads\/2020\/09\/IMG-20200913-WA0013-1024x768.jpg\" alt=\"\" width=\"584\" height=\"438\" srcset=\"https:\/\/fakir.ch\/wp-content\/uploads\/2020\/09\/IMG-20200913-WA0013-1024x768.jpg 1024w, https:\/\/fakir.ch\/wp-content\/uploads\/2020\/09\/IMG-20200913-WA0013-300x225.jpg 300w, https:\/\/fakir.ch\/wp-content\/uploads\/2020\/09\/IMG-20200913-WA0013-768x576.jpg 768w, https:\/\/fakir.ch\/wp-content\/uploads\/2020\/09\/IMG-20200913-WA0013-1536x1152.jpg 1536w, https:\/\/fakir.ch\/wp-content\/uploads\/2020\/09\/IMG-20200913-WA0013-400x300.jpg 400w, https:\/\/fakir.ch\/wp-content\/uploads\/2020\/09\/IMG-20200913-WA0013.jpg 2016w\" sizes=\"auto, (max-width: 584px) 100vw, 584px\" \/><\/p>\n<p><img loading=\"lazy\" decoding=\"async\" class=\"alignnone wp-image-202 size-large\" src=\"https:\/\/fakir.ch\/wp-content\/uploads\/2020\/09\/IMG-20200913-WA0018-1024x768.jpg\" alt=\"\" width=\"584\" height=\"438\" srcset=\"https:\/\/fakir.ch\/wp-content\/uploads\/2020\/09\/IMG-20200913-WA0018-1024x768.jpg 1024w, https:\/\/fakir.ch\/wp-content\/uploads\/2020\/09\/IMG-20200913-WA0018-300x225.jpg 300w, https:\/\/fakir.ch\/wp-content\/uploads\/2020\/09\/IMG-20200913-WA0018-768x576.jpg 768w, https:\/\/fakir.ch\/wp-content\/uploads\/2020\/09\/IMG-20200913-WA0018-1536x1152.jpg 1536w, https:\/\/fakir.ch\/wp-content\/uploads\/2020\/09\/IMG-20200913-WA0018-400x300.jpg 400w, https:\/\/fakir.ch\/wp-content\/uploads\/2020\/09\/IMG-20200913-WA0018.jpg 2048w\" sizes=\"auto, (max-width: 584px) 100vw, 584px\" \/><\/p>\n<p><img loading=\"lazy\" decoding=\"async\" class=\"alignnone wp-image-204 size-large\" src=\"https:\/\/fakir.ch\/wp-content\/uploads\/2020\/09\/IMG-20200913-WA0011-1024x768.jpg\" alt=\"\" width=\"584\" height=\"438\" srcset=\"https:\/\/fakir.ch\/wp-content\/uploads\/2020\/09\/IMG-20200913-WA0011-1024x768.jpg 1024w, https:\/\/fakir.ch\/wp-content\/uploads\/2020\/09\/IMG-20200913-WA0011-300x225.jpg 300w, https:\/\/fakir.ch\/wp-content\/uploads\/2020\/09\/IMG-20200913-WA0011-768x576.jpg 768w, https:\/\/fakir.ch\/wp-content\/uploads\/2020\/09\/IMG-20200913-WA0011-1536x1152.jpg 1536w, https:\/\/fakir.ch\/wp-content\/uploads\/2020\/09\/IMG-20200913-WA0011-400x300.jpg 400w, https:\/\/fakir.ch\/wp-content\/uploads\/2020\/09\/IMG-20200913-WA0011.jpg 2016w\" sizes=\"auto, (max-width: 584px) 100vw, 584px\" \/><\/p>\n<p><img loading=\"lazy\" decoding=\"async\" class=\"alignnone wp-image-207 size-large\" src=\"https:\/\/fakir.ch\/wp-content\/uploads\/2020\/09\/IMG-20200913-WA0021-921x1024.jpg\" alt=\"\" width=\"584\" height=\"649\" srcset=\"https:\/\/fakir.ch\/wp-content\/uploads\/2020\/09\/IMG-20200913-WA0021-921x1024.jpg 921w, https:\/\/fakir.ch\/wp-content\/uploads\/2020\/09\/IMG-20200913-WA0021-270x300.jpg 270w, https:\/\/fakir.ch\/wp-content\/uploads\/2020\/09\/IMG-20200913-WA0021-768x854.jpg 768w, https:\/\/fakir.ch\/wp-content\/uploads\/2020\/09\/IMG-20200913-WA0021.jpg 1051w\" sizes=\"auto, (max-width: 584px) 100vw, 584px\" \/><\/p>\n<p><img loading=\"lazy\" decoding=\"async\" class=\"alignnone wp-image-208 size-large\" src=\"https:\/\/fakir.ch\/wp-content\/uploads\/2020\/09\/IMG-20200913-WA0016-743x1024.jpg\" alt=\"\" width=\"584\" height=\"805\" srcset=\"https:\/\/fakir.ch\/wp-content\/uploads\/2020\/09\/IMG-20200913-WA0016-743x1024.jpg 743w, https:\/\/fakir.ch\/wp-content\/uploads\/2020\/09\/IMG-20200913-WA0016-218x300.jpg 218w, https:\/\/fakir.ch\/wp-content\/uploads\/2020\/09\/IMG-20200913-WA0016-768x1059.jpg 768w, https:\/\/fakir.ch\/wp-content\/uploads\/2020\/09\/IMG-20200913-WA0016.jpg 957w\" sizes=\"auto, (max-width: 584px) 100vw, 584px\" \/><\/p>\n<p><img loading=\"lazy\" decoding=\"async\" class=\"alignnone wp-image-209 size-large\" src=\"https:\/\/fakir.ch\/wp-content\/uploads\/2020\/09\/00004-743x1024.jpg\" alt=\"\" width=\"584\" height=\"805\" srcset=\"https:\/\/fakir.ch\/wp-content\/uploads\/2020\/09\/00004-743x1024.jpg 743w, https:\/\/fakir.ch\/wp-content\/uploads\/2020\/09\/00004-218x300.jpg 218w, https:\/\/fakir.ch\/wp-content\/uploads\/2020\/09\/00004-768x1059.jpg 768w, https:\/\/fakir.ch\/wp-content\/uploads\/2020\/09\/00004.jpg 953w\" sizes=\"auto, (max-width: 584px) 100vw, 584px\" \/><\/p>\n","protected":false},"excerpt":{"rendered":"<p>H\u00f6hlen &#8211; Raclette gem\u00fctlich \u2013 stimmungsvoll \u2013 einmalig \u2013 und sooo gut! kombinierbar mit jeder beliebigen H\u00f6hlentour ca. 1 \u2013 1\u00bd Stunden f\u00fcr Gruppen ab 10 Personen \u00d6ffentliche Termine f\u00fcr Einzelpersonen &amp; Kleingruppen Ab CHF 58.00 pro Person Gut kombinierbar &hellip; <a href=\"https:\/\/fakir.ch\/?page_id=30\">Weiterlesen <span class=\"meta-nav\">&rarr;<\/span><\/a><\/p>\n","protected":false},"author":1,"featured_media":0,"parent":0,"menu_order":0,"comment_status":"closed","ping_status":"closed","template":"","meta":{"footnotes":""},"class_list":["post-30","page","type-page","status-publish","hentry"],"_links":{"self":[{"href":"https:\/\/fakir.ch\/index.php?rest_route=\/wp\/v2\/pages\/30","targetHints":{"allow":["GET"]}}],"collection":[{"href":"https:\/\/fakir.ch\/index.php?rest_route=\/wp\/v2\/pages"}],"about":[{"href":"https:\/\/fakir.ch\/index.php?rest_route=\/wp\/v2\/types\/page"}],"author":[{"embeddable":true,"href":"https:\/\/fakir.ch\/index.php?rest_route=\/wp\/v2\/users\/1"}],"replies":[{"embeddable":true,"href":"https:\/\/fakir.ch\/index.php?rest_route=%2Fwp%2Fv2%2Fcomments&post=30"}],"version-history":[{"count":20,"href":"https:\/\/fakir.ch\/index.php?rest_route=\/wp\/v2\/pages\/30\/revisions"}],"predecessor-version":[{"id":686,"href":"https:\/\/fakir.ch\/index.php?rest_route=\/wp\/v2\/pages\/30\/revisions\/686"}],"wp:attachment":[{"href":"https:\/\/fakir.ch\/index.php?rest_route=%2Fwp%2Fv2%2Fmedia&parent=30"}],"curies":[{"name":"wp","href":"https:\/\/api.w.org\/{rel}","templated":true}]}}