{"id":366,"date":"2021-08-18T17:14:35","date_gmt":"2021-08-18T17:14:35","guid":{"rendered":"https:\/\/fakir.ch\/?page_id=366"},"modified":"2021-08-23T05:47:59","modified_gmt":"2021-08-23T05:47:59","slug":"schulbeginn-in-oberaegeri","status":"publish","type":"page","link":"https:\/\/fakir.ch\/?page_id=366","title":{"rendered":"Schulbeginn in Ober\u00e4geri"},"content":{"rendered":"<p>Zum Thema &#171;mit Energie durchs Jahr&#187; durfte ich die Sch\u00fcler von Ober\u00e4geri mit meiner Feuershow zum Schulbeginn \u00fcberraschen.<\/p>\n<p><img loading=\"lazy\" decoding=\"async\" class=\"alignnone wp-image-362 size-large\" src=\"https:\/\/fakir.ch\/wp-content\/uploads\/2021\/08\/IMG_20210818_185755-1024x787.jpg\" alt=\"\" width=\"584\" height=\"449\" srcset=\"https:\/\/fakir.ch\/wp-content\/uploads\/2021\/08\/IMG_20210818_185755-1024x787.jpg 1024w, https:\/\/fakir.ch\/wp-content\/uploads\/2021\/08\/IMG_20210818_185755-300x231.jpg 300w, https:\/\/fakir.ch\/wp-content\/uploads\/2021\/08\/IMG_20210818_185755-768x591.jpg 768w, https:\/\/fakir.ch\/wp-content\/uploads\/2021\/08\/IMG_20210818_185755-390x300.jpg 390w, https:\/\/fakir.ch\/wp-content\/uploads\/2021\/08\/IMG_20210818_185755.jpg 1216w\" sizes=\"auto, (max-width: 584px) 100vw, 584px\" \/><\/p>\n<p><img loading=\"lazy\" decoding=\"async\" class=\"alignnone wp-image-364 size-large\" src=\"https:\/\/fakir.ch\/wp-content\/uploads\/2021\/08\/IMG-20210818-WA0002-1024x768.jpg\" alt=\"\" width=\"584\" height=\"438\" srcset=\"https:\/\/fakir.ch\/wp-content\/uploads\/2021\/08\/IMG-20210818-WA0002-1024x768.jpg 1024w, https:\/\/fakir.ch\/wp-content\/uploads\/2021\/08\/IMG-20210818-WA0002-300x225.jpg 300w, https:\/\/fakir.ch\/wp-content\/uploads\/2021\/08\/IMG-20210818-WA0002-768x576.jpg 768w, https:\/\/fakir.ch\/wp-content\/uploads\/2021\/08\/IMG-20210818-WA0002-1536x1152.jpg 1536w, https:\/\/fakir.ch\/wp-content\/uploads\/2021\/08\/IMG-20210818-WA0002-400x300.jpg 400w, https:\/\/fakir.ch\/wp-content\/uploads\/2021\/08\/IMG-20210818-WA0002.jpg 2048w\" sizes=\"auto, (max-width: 584px) 100vw, 584px\" \/><\/p>\n<p><img loading=\"lazy\" decoding=\"async\" class=\"alignnone wp-image-363 size-large\" src=\"https:\/\/fakir.ch\/wp-content\/uploads\/2021\/08\/IMG_20210818_185834-1024x691.jpg\" alt=\"\" width=\"584\" height=\"394\" srcset=\"https:\/\/fakir.ch\/wp-content\/uploads\/2021\/08\/IMG_20210818_185834-1024x691.jpg 1024w, https:\/\/fakir.ch\/wp-content\/uploads\/2021\/08\/IMG_20210818_185834-300x203.jpg 300w, https:\/\/fakir.ch\/wp-content\/uploads\/2021\/08\/IMG_20210818_185834-768x519.jpg 768w, https:\/\/fakir.ch\/wp-content\/uploads\/2021\/08\/IMG_20210818_185834-444x300.jpg 444w, https:\/\/fakir.ch\/wp-content\/uploads\/2021\/08\/IMG_20210818_185834.jpg 1376w\" sizes=\"auto, (max-width: 584px) 100vw, 584px\" \/><\/p>\n<p><img loading=\"lazy\" decoding=\"async\" class=\"alignnone wp-image-361 size-large\" src=\"https:\/\/fakir.ch\/wp-content\/uploads\/2021\/08\/IMG_20210818_185549-832x1024.jpg\" alt=\"\" width=\"584\" height=\"719\" srcset=\"https:\/\/fakir.ch\/wp-content\/uploads\/2021\/08\/IMG_20210818_185549-832x1024.jpg 832w, https:\/\/fakir.ch\/wp-content\/uploads\/2021\/08\/IMG_20210818_185549-244x300.jpg 244w, https:\/\/fakir.ch\/wp-content\/uploads\/2021\/08\/IMG_20210818_185549-768x946.jpg 768w, https:\/\/fakir.ch\/wp-content\/uploads\/2021\/08\/IMG_20210818_185549.jpg 1111w\" sizes=\"auto, (max-width: 584px) 100vw, 584px\" \/><\/p>\n<p><img loading=\"lazy\" decoding=\"async\" class=\"alignnone wp-image-360 size-large\" src=\"https:\/\/fakir.ch\/wp-content\/uploads\/2021\/08\/IMG_20210818_185509-1024x773.jpg\" alt=\"\" width=\"584\" height=\"441\" srcset=\"https:\/\/fakir.ch\/wp-content\/uploads\/2021\/08\/IMG_20210818_185509-1024x773.jpg 1024w, https:\/\/fakir.ch\/wp-content\/uploads\/2021\/08\/IMG_20210818_185509-300x226.jpg 300w, https:\/\/fakir.ch\/wp-content\/uploads\/2021\/08\/IMG_20210818_185509-768x580.jpg 768w, https:\/\/fakir.ch\/wp-content\/uploads\/2021\/08\/IMG_20210818_185509-397x300.jpg 397w, https:\/\/fakir.ch\/wp-content\/uploads\/2021\/08\/IMG_20210818_185509.jpg 1477w\" sizes=\"auto, (max-width: 584px) 100vw, 584px\" \/><\/p>\n<p style=\"text-align: center;\"><a href=\"https:\/\/fakir.ch\/?page_id=68\">Zur\u00fcck<\/a><\/p>\n","protected":false},"excerpt":{"rendered":"<p>Zum Thema &#171;mit Energie durchs Jahr&#187; durfte ich die Sch\u00fcler von Ober\u00e4geri mit meiner Feuershow zum Schulbeginn \u00fcberraschen. Zur\u00fcck<\/p>\n","protected":false},"author":1,"featured_media":0,"parent":0,"menu_order":0,"comment_status":"closed","ping_status":"closed","template":"","meta":{"footnotes":""},"class_list":["post-366","page","type-page","status-publish","hentry"],"_links":{"self":[{"href":"https:\/\/fakir.ch\/index.php?rest_route=\/wp\/v2\/pages\/366","targetHints":{"allow":["GET"]}}],"collection":[{"href":"https:\/\/fakir.ch\/index.php?rest_route=\/wp\/v2\/pages"}],"about":[{"href":"https:\/\/fakir.ch\/index.php?rest_route=\/wp\/v2\/types\/page"}],"author":[{"embeddable":true,"href":"https:\/\/fakir.ch\/index.php?rest_route=\/wp\/v2\/users\/1"}],"replies":[{"embeddable":true,"href":"https:\/\/fakir.ch\/index.php?rest_route=%2Fwp%2Fv2%2Fcomments&post=366"}],"version-history":[{"count":6,"href":"https:\/\/fakir.ch\/index.php?rest_route=\/wp\/v2\/pages\/366\/revisions"}],"predecessor-version":[{"id":374,"href":"https:\/\/fakir.ch\/index.php?rest_route=\/wp\/v2\/pages\/366\/revisions\/374"}],"wp:attachment":[{"href":"https:\/\/fakir.ch\/index.php?rest_route=%2Fwp%2Fv2%2Fmedia&parent=366"}],"curies":[{"name":"wp","href":"https:\/\/api.w.org\/{rel}","templated":true}]}}