{"id":376,"date":"2021-09-13T08:36:36","date_gmt":"2021-09-13T08:36:36","guid":{"rendered":"https:\/\/fakir.ch\/?page_id=376"},"modified":"2021-09-13T08:51:40","modified_gmt":"2021-09-13T08:51:40","slug":"feuershow-nach-apero","status":"publish","type":"page","link":"https:\/\/fakir.ch\/?page_id=376","title":{"rendered":"Feuershow nach Apero im H\u00f6lloch"},"content":{"rendered":"<p>Am 11. September 2021 durfte ich als H\u00f6lloch-Teufel nach dem Apero von einem Geburtstagskind, die Kids mit meiner H\u00f6hlen-Feuershow \u00fcberraschen.<\/p>\n<p><img loading=\"lazy\" decoding=\"async\" class=\"alignnone wp-image-380 size-large\" src=\"https:\/\/fakir.ch\/wp-content\/uploads\/2021\/09\/01-1024x1024.jpg\" alt=\"\" width=\"584\" height=\"584\" srcset=\"https:\/\/fakir.ch\/wp-content\/uploads\/2021\/09\/01-1024x1024.jpg 1024w, https:\/\/fakir.ch\/wp-content\/uploads\/2021\/09\/01-300x300.jpg 300w, https:\/\/fakir.ch\/wp-content\/uploads\/2021\/09\/01-150x150.jpg 150w, https:\/\/fakir.ch\/wp-content\/uploads\/2021\/09\/01-768x768.jpg 768w, https:\/\/fakir.ch\/wp-content\/uploads\/2021\/09\/01.jpg 1440w\" sizes=\"auto, (max-width: 584px) 100vw, 584px\" \/><\/p>\n<p><img loading=\"lazy\" decoding=\"async\" class=\"alignnone wp-image-381 size-large\" src=\"https:\/\/fakir.ch\/wp-content\/uploads\/2021\/09\/02-768x1024.jpg\" alt=\"\" width=\"584\" height=\"779\" srcset=\"https:\/\/fakir.ch\/wp-content\/uploads\/2021\/09\/02-768x1024.jpg 768w, https:\/\/fakir.ch\/wp-content\/uploads\/2021\/09\/02-225x300.jpg 225w, https:\/\/fakir.ch\/wp-content\/uploads\/2021\/09\/02-1152x1536.jpg 1152w, https:\/\/fakir.ch\/wp-content\/uploads\/2021\/09\/02.jpg 1536w\" sizes=\"auto, (max-width: 584px) 100vw, 584px\" \/><\/p>\n<p><img loading=\"lazy\" decoding=\"async\" class=\"alignnone wp-image-382 size-large\" src=\"https:\/\/fakir.ch\/wp-content\/uploads\/2021\/09\/03-768x1024.jpg\" alt=\"\" width=\"584\" height=\"779\" srcset=\"https:\/\/fakir.ch\/wp-content\/uploads\/2021\/09\/03-768x1024.jpg 768w, https:\/\/fakir.ch\/wp-content\/uploads\/2021\/09\/03-225x300.jpg 225w, https:\/\/fakir.ch\/wp-content\/uploads\/2021\/09\/03-1152x1536.jpg 1152w, https:\/\/fakir.ch\/wp-content\/uploads\/2021\/09\/03.jpg 1536w\" sizes=\"auto, (max-width: 584px) 100vw, 584px\" \/><\/p>\n<p><img loading=\"lazy\" decoding=\"async\" class=\"alignnone wp-image-384 size-large\" src=\"https:\/\/fakir.ch\/wp-content\/uploads\/2021\/09\/05-768x1024.jpg\" alt=\"\" width=\"584\" height=\"779\" srcset=\"https:\/\/fakir.ch\/wp-content\/uploads\/2021\/09\/05-768x1024.jpg 768w, https:\/\/fakir.ch\/wp-content\/uploads\/2021\/09\/05-225x300.jpg 225w, https:\/\/fakir.ch\/wp-content\/uploads\/2021\/09\/05-1152x1536.jpg 1152w, https:\/\/fakir.ch\/wp-content\/uploads\/2021\/09\/05.jpg 1536w\" sizes=\"auto, (max-width: 584px) 100vw, 584px\" \/><\/p>\n<p><img loading=\"lazy\" decoding=\"async\" class=\"alignnone wp-image-385 size-large\" src=\"https:\/\/fakir.ch\/wp-content\/uploads\/2021\/09\/06-768x1024.jpg\" alt=\"\" width=\"584\" height=\"779\" srcset=\"https:\/\/fakir.ch\/wp-content\/uploads\/2021\/09\/06-768x1024.jpg 768w, https:\/\/fakir.ch\/wp-content\/uploads\/2021\/09\/06-225x300.jpg 225w, https:\/\/fakir.ch\/wp-content\/uploads\/2021\/09\/06-1152x1536.jpg 1152w, https:\/\/fakir.ch\/wp-content\/uploads\/2021\/09\/06.jpg 1536w\" sizes=\"auto, (max-width: 584px) 100vw, 584px\" \/><\/p>\n<p><img loading=\"lazy\" decoding=\"async\" class=\"alignnone wp-image-387 size-large\" src=\"https:\/\/fakir.ch\/wp-content\/uploads\/2021\/09\/08-768x1024.jpg\" alt=\"\" width=\"584\" height=\"779\" srcset=\"https:\/\/fakir.ch\/wp-content\/uploads\/2021\/09\/08-768x1024.jpg 768w, https:\/\/fakir.ch\/wp-content\/uploads\/2021\/09\/08-225x300.jpg 225w, https:\/\/fakir.ch\/wp-content\/uploads\/2021\/09\/08-1152x1536.jpg 1152w, https:\/\/fakir.ch\/wp-content\/uploads\/2021\/09\/08.jpg 1500w\" sizes=\"auto, (max-width: 584px) 100vw, 584px\" \/><\/p>\n<p><img loading=\"lazy\" decoding=\"async\" class=\"alignnone wp-image-389 size-large\" src=\"https:\/\/fakir.ch\/wp-content\/uploads\/2021\/09\/10-768x1024.jpg\" alt=\"\" width=\"584\" height=\"779\" srcset=\"https:\/\/fakir.ch\/wp-content\/uploads\/2021\/09\/10-768x1024.jpg 768w, https:\/\/fakir.ch\/wp-content\/uploads\/2021\/09\/10-225x300.jpg 225w, https:\/\/fakir.ch\/wp-content\/uploads\/2021\/09\/10-1152x1536.jpg 1152w, https:\/\/fakir.ch\/wp-content\/uploads\/2021\/09\/10.jpg 1500w\" sizes=\"auto, (max-width: 584px) 100vw, 584px\" \/><\/p>\n<p style=\"text-align: center;\"><a href=\"https:\/\/fakir.ch\/?page_id=68\">Zur\u00fcck<\/a><\/p>\n","protected":false},"excerpt":{"rendered":"<p>Am 11. September 2021 durfte ich als H\u00f6lloch-Teufel nach dem Apero von einem Geburtstagskind, die Kids mit meiner H\u00f6hlen-Feuershow \u00fcberraschen. Zur\u00fcck<\/p>\n","protected":false},"author":1,"featured_media":0,"parent":0,"menu_order":0,"comment_status":"closed","ping_status":"closed","template":"","meta":{"footnotes":""},"class_list":["post-376","page","type-page","status-publish","hentry"],"_links":{"self":[{"href":"https:\/\/fakir.ch\/index.php?rest_route=\/wp\/v2\/pages\/376","targetHints":{"allow":["GET"]}}],"collection":[{"href":"https:\/\/fakir.ch\/index.php?rest_route=\/wp\/v2\/pages"}],"about":[{"href":"https:\/\/fakir.ch\/index.php?rest_route=\/wp\/v2\/types\/page"}],"author":[{"embeddable":true,"href":"https:\/\/fakir.ch\/index.php?rest_route=\/wp\/v2\/users\/1"}],"replies":[{"embeddable":true,"href":"https:\/\/fakir.ch\/index.php?rest_route=%2Fwp%2Fv2%2Fcomments&post=376"}],"version-history":[{"count":8,"href":"https:\/\/fakir.ch\/index.php?rest_route=\/wp\/v2\/pages\/376\/revisions"}],"predecessor-version":[{"id":394,"href":"https:\/\/fakir.ch\/index.php?rest_route=\/wp\/v2\/pages\/376\/revisions\/394"}],"wp:attachment":[{"href":"https:\/\/fakir.ch\/index.php?rest_route=%2Fwp%2Fv2%2Fmedia&parent=376"}],"curies":[{"name":"wp","href":"https:\/\/api.w.org\/{rel}","templated":true}]}}