{"id":48,"date":"2020-09-08T15:51:37","date_gmt":"2020-09-08T15:51:37","guid":{"rendered":"https:\/\/fakir.ch\/?page_id=48"},"modified":"2023-12-21T07:34:30","modified_gmt":"2023-12-21T07:34:30","slug":"die-hoellenshow-von-rodani","status":"publish","type":"page","link":"https:\/\/fakir.ch\/?page_id=48","title":{"rendered":"Feuershow"},"content":{"rendered":"<p><strong><span style=\"font-family: arial, helvetica, sans-serif; font-size: 14pt;\">Rodani`s H\u00f6llenshow (Feuershow)<\/span><\/strong><\/p>\n<p>Dank meiner mehr als \u00fcber 30-j\u00e4hrigen Erfahrung mit dem Element Feuer und meinen vielen Auftritten im In- und Ausland, garantiert Rodani seri\u00f6se und ungef\u00e4hrliche Unterhaltung f\u00fcr das Publikum und f\u00fcr jedes Budget.<\/p>\n<p><img loading=\"lazy\" decoding=\"async\" class=\"alignnone wp-image-66 size-large\" src=\"https:\/\/fakir.ch\/wp-content\/uploads\/2020\/09\/Teufel-1024x876.jpg\" alt=\"\" width=\"584\" height=\"500\" srcset=\"https:\/\/fakir.ch\/wp-content\/uploads\/2020\/09\/Teufel-1024x876.jpg 1024w, https:\/\/fakir.ch\/wp-content\/uploads\/2020\/09\/Teufel-300x257.jpg 300w, https:\/\/fakir.ch\/wp-content\/uploads\/2020\/09\/Teufel-768x657.jpg 768w, https:\/\/fakir.ch\/wp-content\/uploads\/2020\/09\/Teufel-1536x1314.jpg 1536w, https:\/\/fakir.ch\/wp-content\/uploads\/2020\/09\/Teufel-2048x1751.jpg 2048w, https:\/\/fakir.ch\/wp-content\/uploads\/2020\/09\/Teufel-351x300.jpg 351w\" sizes=\"auto, (max-width: 584px) 100vw, 584px\" \/><\/p>\n<p><img loading=\"lazy\" decoding=\"async\" class=\"alignnone wp-image-600 size-large\" src=\"https:\/\/fakir.ch\/wp-content\/uploads\/2023\/05\/IMG-20220725-WA0010-768x1024.jpg\" alt=\"\" width=\"584\" height=\"779\" srcset=\"https:\/\/fakir.ch\/wp-content\/uploads\/2023\/05\/IMG-20220725-WA0010-768x1024.jpg 768w, https:\/\/fakir.ch\/wp-content\/uploads\/2023\/05\/IMG-20220725-WA0010-225x300.jpg 225w, https:\/\/fakir.ch\/wp-content\/uploads\/2023\/05\/IMG-20220725-WA0010-1152x1536.jpg 1152w, https:\/\/fakir.ch\/wp-content\/uploads\/2023\/05\/IMG-20220725-WA0010.jpg 1536w\" sizes=\"auto, (max-width: 584px) 100vw, 584px\" \/><\/p>\n<p><img loading=\"lazy\" decoding=\"async\" class=\"alignnone wp-image-54 size-large\" src=\"https:\/\/fakir.ch\/wp-content\/uploads\/2020\/09\/IMG_20200903_193135_resized_20200905_045228361-768x1024.jpg\" alt=\"\" width=\"584\" height=\"779\" srcset=\"https:\/\/fakir.ch\/wp-content\/uploads\/2020\/09\/IMG_20200903_193135_resized_20200905_045228361-768x1024.jpg 768w, https:\/\/fakir.ch\/wp-content\/uploads\/2020\/09\/IMG_20200903_193135_resized_20200905_045228361-225x300.jpg 225w, https:\/\/fakir.ch\/wp-content\/uploads\/2020\/09\/IMG_20200903_193135_resized_20200905_045228361-1152x1536.jpg 1152w, https:\/\/fakir.ch\/wp-content\/uploads\/2020\/09\/IMG_20200903_193135_resized_20200905_045228361-1536x2048.jpg 1536w, https:\/\/fakir.ch\/wp-content\/uploads\/2020\/09\/IMG_20200903_193135_resized_20200905_045228361-scaled.jpg 1920w\" sizes=\"auto, (max-width: 584px) 100vw, 584px\" \/><\/p>\n<p><img loading=\"lazy\" decoding=\"async\" class=\"alignnone wp-image-57 size-large\" src=\"https:\/\/fakir.ch\/wp-content\/uploads\/2020\/09\/IMG_20200903_193309_resized_20200905_045226956-768x1024.jpg\" alt=\"\" width=\"584\" height=\"779\" srcset=\"https:\/\/fakir.ch\/wp-content\/uploads\/2020\/09\/IMG_20200903_193309_resized_20200905_045226956-768x1024.jpg 768w, https:\/\/fakir.ch\/wp-content\/uploads\/2020\/09\/IMG_20200903_193309_resized_20200905_045226956-225x300.jpg 225w, https:\/\/fakir.ch\/wp-content\/uploads\/2020\/09\/IMG_20200903_193309_resized_20200905_045226956-1152x1536.jpg 1152w, https:\/\/fakir.ch\/wp-content\/uploads\/2020\/09\/IMG_20200903_193309_resized_20200905_045226956-1536x2048.jpg 1536w, https:\/\/fakir.ch\/wp-content\/uploads\/2020\/09\/IMG_20200903_193309_resized_20200905_045226956-scaled.jpg 1920w\" sizes=\"auto, (max-width: 584px) 100vw, 584px\" \/><\/p>\n<p><img loading=\"lazy\" decoding=\"async\" class=\"alignnone wp-image-58 size-large\" src=\"https:\/\/fakir.ch\/wp-content\/uploads\/2020\/09\/IMG_20200903_193311_resized_20200905_045227342-768x1024.jpg\" alt=\"\" width=\"584\" height=\"779\" srcset=\"https:\/\/fakir.ch\/wp-content\/uploads\/2020\/09\/IMG_20200903_193311_resized_20200905_045227342-768x1024.jpg 768w, https:\/\/fakir.ch\/wp-content\/uploads\/2020\/09\/IMG_20200903_193311_resized_20200905_045227342-225x300.jpg 225w, https:\/\/fakir.ch\/wp-content\/uploads\/2020\/09\/IMG_20200903_193311_resized_20200905_045227342-1152x1536.jpg 1152w, https:\/\/fakir.ch\/wp-content\/uploads\/2020\/09\/IMG_20200903_193311_resized_20200905_045227342-1536x2048.jpg 1536w, https:\/\/fakir.ch\/wp-content\/uploads\/2020\/09\/IMG_20200903_193311_resized_20200905_045227342-scaled.jpg 1920w\" sizes=\"auto, (max-width: 584px) 100vw, 584px\" \/><\/p>\n<p><img loading=\"lazy\" decoding=\"async\" class=\"alignnone wp-image-63 size-large\" src=\"https:\/\/fakir.ch\/wp-content\/uploads\/2020\/09\/IMG_20200903_193835_resized_20200905_045225255-768x1024.jpg\" alt=\"\" width=\"584\" height=\"779\" srcset=\"https:\/\/fakir.ch\/wp-content\/uploads\/2020\/09\/IMG_20200903_193835_resized_20200905_045225255-768x1024.jpg 768w, https:\/\/fakir.ch\/wp-content\/uploads\/2020\/09\/IMG_20200903_193835_resized_20200905_045225255-225x300.jpg 225w, https:\/\/fakir.ch\/wp-content\/uploads\/2020\/09\/IMG_20200903_193835_resized_20200905_045225255-1152x1536.jpg 1152w, https:\/\/fakir.ch\/wp-content\/uploads\/2020\/09\/IMG_20200903_193835_resized_20200905_045225255-1536x2048.jpg 1536w, https:\/\/fakir.ch\/wp-content\/uploads\/2020\/09\/IMG_20200903_193835_resized_20200905_045225255-scaled.jpg 1920w\" sizes=\"auto, (max-width: 584px) 100vw, 584px\" \/><\/p>\n<p><img loading=\"lazy\" decoding=\"async\" class=\"alignnone wp-image-62 size-large\" src=\"https:\/\/fakir.ch\/wp-content\/uploads\/2020\/09\/IMG_20200903_193817_resized_20200905_045225649-768x1024.jpg\" alt=\"\" width=\"584\" height=\"779\" srcset=\"https:\/\/fakir.ch\/wp-content\/uploads\/2020\/09\/IMG_20200903_193817_resized_20200905_045225649-768x1024.jpg 768w, https:\/\/fakir.ch\/wp-content\/uploads\/2020\/09\/IMG_20200903_193817_resized_20200905_045225649-225x300.jpg 225w, https:\/\/fakir.ch\/wp-content\/uploads\/2020\/09\/IMG_20200903_193817_resized_20200905_045225649-1152x1536.jpg 1152w, https:\/\/fakir.ch\/wp-content\/uploads\/2020\/09\/IMG_20200903_193817_resized_20200905_045225649-1536x2048.jpg 1536w, https:\/\/fakir.ch\/wp-content\/uploads\/2020\/09\/IMG_20200903_193817_resized_20200905_045225649-scaled.jpg 1920w\" sizes=\"auto, (max-width: 584px) 100vw, 584px\" \/><\/p>\n<p><img loading=\"lazy\" decoding=\"async\" class=\"alignnone wp-image-60 size-large\" src=\"https:\/\/fakir.ch\/wp-content\/uploads\/2020\/09\/IMG_20200903_193728_BURST001_COVER_resized_20200905_045226296-768x1024.jpg\" alt=\"\" width=\"584\" height=\"779\" srcset=\"https:\/\/fakir.ch\/wp-content\/uploads\/2020\/09\/IMG_20200903_193728_BURST001_COVER_resized_20200905_045226296-768x1024.jpg 768w, https:\/\/fakir.ch\/wp-content\/uploads\/2020\/09\/IMG_20200903_193728_BURST001_COVER_resized_20200905_045226296-225x300.jpg 225w, https:\/\/fakir.ch\/wp-content\/uploads\/2020\/09\/IMG_20200903_193728_BURST001_COVER_resized_20200905_045226296-1152x1536.jpg 1152w, https:\/\/fakir.ch\/wp-content\/uploads\/2020\/09\/IMG_20200903_193728_BURST001_COVER_resized_20200905_045226296-1536x2048.jpg 1536w, https:\/\/fakir.ch\/wp-content\/uploads\/2020\/09\/IMG_20200903_193728_BURST001_COVER_resized_20200905_045226296-scaled.jpg 1920w\" sizes=\"auto, (max-width: 584px) 100vw, 584px\" \/><\/p>\n<p><iframe loading=\"lazy\" title=\"Feuershow im H\u00f6lloch Muotathal (Ausschnitt 2023)\" width=\"584\" height=\"329\" src=\"https:\/\/www.youtube.com\/embed\/zbwVc9RshGw?feature=oembed\" frameborder=\"0\" allow=\"accelerometer; autoplay; clipboard-write; encrypted-media; gyroscope; picture-in-picture; web-share\" referrerpolicy=\"strict-origin-when-cross-origin\" allowfullscreen><\/iframe><\/p>\n","protected":false},"excerpt":{"rendered":"<p>Rodani`s H\u00f6llenshow (Feuershow) Dank meiner mehr als \u00fcber 30-j\u00e4hrigen Erfahrung mit dem Element Feuer und meinen vielen Auftritten im In- und Ausland, garantiert Rodani seri\u00f6se und ungef\u00e4hrliche Unterhaltung f\u00fcr das Publikum und f\u00fcr jedes Budget.<\/p>\n","protected":false},"author":1,"featured_media":0,"parent":0,"menu_order":0,"comment_status":"closed","ping_status":"closed","template":"","meta":{"footnotes":""},"class_list":["post-48","page","type-page","status-publish","hentry"],"_links":{"self":[{"href":"https:\/\/fakir.ch\/index.php?rest_route=\/wp\/v2\/pages\/48","targetHints":{"allow":["GET"]}}],"collection":[{"href":"https:\/\/fakir.ch\/index.php?rest_route=\/wp\/v2\/pages"}],"about":[{"href":"https:\/\/fakir.ch\/index.php?rest_route=\/wp\/v2\/types\/page"}],"author":[{"embeddable":true,"href":"https:\/\/fakir.ch\/index.php?rest_route=\/wp\/v2\/users\/1"}],"replies":[{"embeddable":true,"href":"https:\/\/fakir.ch\/index.php?rest_route=%2Fwp%2Fv2%2Fcomments&post=48"}],"version-history":[{"count":16,"href":"https:\/\/fakir.ch\/index.php?rest_route=\/wp\/v2\/pages\/48\/revisions"}],"predecessor-version":[{"id":650,"href":"https:\/\/fakir.ch\/index.php?rest_route=\/wp\/v2\/pages\/48\/revisions\/650"}],"wp:attachment":[{"href":"https:\/\/fakir.ch\/index.php?rest_route=%2Fwp%2Fv2%2Fmedia&parent=48"}],"curies":[{"name":"wp","href":"https:\/\/api.w.org\/{rel}","templated":true}]}}