{"id":520,"date":"2022-08-21T05:57:22","date_gmt":"2022-08-21T05:57:22","guid":{"rendered":"https:\/\/fakir.ch\/?page_id=520"},"modified":"2022-08-21T06:12:12","modified_gmt":"2022-08-21T06:12:12","slug":"feuer-wasser-im-hoelloch","status":"publish","type":"page","link":"https:\/\/fakir.ch\/?page_id=520","title":{"rendered":"Feuer &#038; Wasser im H\u00f6lloch"},"content":{"rendered":"<p><span style=\"font-size: 14pt;\">Das war ein ganz besonderes Erlebnis f\u00fcr diese H\u00f6lloch G\u00e4ste am<br \/>\n19. August 2022. Die zwei Grundelemente <strong>&#171;Feuer und Wasser&#187;<\/strong><\/span><\/p>\n<p><img loading=\"lazy\" decoding=\"async\" class=\"alignnone wp-image-507 size-large\" src=\"https:\/\/fakir.ch\/wp-content\/uploads\/2022\/08\/IMG_2286-1024x768.jpeg\" alt=\"\" width=\"584\" height=\"438\" srcset=\"https:\/\/fakir.ch\/wp-content\/uploads\/2022\/08\/IMG_2286-1024x768.jpeg 1024w, https:\/\/fakir.ch\/wp-content\/uploads\/2022\/08\/IMG_2286-300x225.jpeg 300w, https:\/\/fakir.ch\/wp-content\/uploads\/2022\/08\/IMG_2286-768x576.jpeg 768w, https:\/\/fakir.ch\/wp-content\/uploads\/2022\/08\/IMG_2286-1536x1152.jpeg 1536w, https:\/\/fakir.ch\/wp-content\/uploads\/2022\/08\/IMG_2286-400x300.jpeg 400w, https:\/\/fakir.ch\/wp-content\/uploads\/2022\/08\/IMG_2286.jpeg 2048w\" sizes=\"auto, (max-width: 584px) 100vw, 584px\" \/><span style=\"font-size: 12pt;\">Der Wasserspiegel steigt st\u00e4tig, jedoch die G\u00e4ste sind in Sicherheit im Apero Raum beim Raclette Schmaus und beim&#8230;<\/span><\/p>\n<p><img loading=\"lazy\" decoding=\"async\" class=\"alignnone wp-image-508 size-large\" src=\"https:\/\/fakir.ch\/wp-content\/uploads\/2022\/08\/IMG_2253-768x1024.jpeg\" alt=\"\" width=\"584\" height=\"779\" srcset=\"https:\/\/fakir.ch\/wp-content\/uploads\/2022\/08\/IMG_2253-768x1024.jpeg 768w, https:\/\/fakir.ch\/wp-content\/uploads\/2022\/08\/IMG_2253-225x300.jpeg 225w, https:\/\/fakir.ch\/wp-content\/uploads\/2022\/08\/IMG_2253-1152x1536.jpeg 1152w, https:\/\/fakir.ch\/wp-content\/uploads\/2022\/08\/IMG_2253.jpeg 1536w\" sizes=\"auto, (max-width: 584px) 100vw, 584px\" \/><span style=\"font-size: 12pt;\">&#8230;H\u00f6lloch-Teufel, der nun seine Feuershow vorf\u00fchrt.<\/span><\/p>\n<p><img loading=\"lazy\" decoding=\"async\" class=\"alignnone wp-image-510 size-large\" src=\"https:\/\/fakir.ch\/wp-content\/uploads\/2022\/08\/IMG_2260-768x1024.jpeg\" alt=\"\" width=\"584\" height=\"779\" srcset=\"https:\/\/fakir.ch\/wp-content\/uploads\/2022\/08\/IMG_2260-768x1024.jpeg 768w, https:\/\/fakir.ch\/wp-content\/uploads\/2022\/08\/IMG_2260-225x300.jpeg 225w, https:\/\/fakir.ch\/wp-content\/uploads\/2022\/08\/IMG_2260-1152x1536.jpeg 1152w, https:\/\/fakir.ch\/wp-content\/uploads\/2022\/08\/IMG_2260.jpeg 1536w\" sizes=\"auto, (max-width: 584px) 100vw, 584px\" \/><\/p>\n<p><img loading=\"lazy\" decoding=\"async\" class=\"alignnone wp-image-511 size-large\" src=\"https:\/\/fakir.ch\/wp-content\/uploads\/2022\/08\/IMG_2261-768x1024.jpeg\" alt=\"\" width=\"584\" height=\"779\" srcset=\"https:\/\/fakir.ch\/wp-content\/uploads\/2022\/08\/IMG_2261-768x1024.jpeg 768w, https:\/\/fakir.ch\/wp-content\/uploads\/2022\/08\/IMG_2261-225x300.jpeg 225w, https:\/\/fakir.ch\/wp-content\/uploads\/2022\/08\/IMG_2261-1152x1536.jpeg 1152w, https:\/\/fakir.ch\/wp-content\/uploads\/2022\/08\/IMG_2261.jpeg 1536w\" sizes=\"auto, (max-width: 584px) 100vw, 584px\" \/><\/p>\n<p><img loading=\"lazy\" decoding=\"async\" class=\"alignnone wp-image-512 size-large\" src=\"https:\/\/fakir.ch\/wp-content\/uploads\/2022\/08\/IMG_2268-768x1024.jpeg\" alt=\"\" width=\"584\" height=\"779\" srcset=\"https:\/\/fakir.ch\/wp-content\/uploads\/2022\/08\/IMG_2268-768x1024.jpeg 768w, https:\/\/fakir.ch\/wp-content\/uploads\/2022\/08\/IMG_2268-225x300.jpeg 225w, https:\/\/fakir.ch\/wp-content\/uploads\/2022\/08\/IMG_2268-1152x1536.jpeg 1152w, https:\/\/fakir.ch\/wp-content\/uploads\/2022\/08\/IMG_2268.jpeg 1536w\" sizes=\"auto, (max-width: 584px) 100vw, 584px\" \/><\/p>\n<p><img loading=\"lazy\" decoding=\"async\" class=\"alignnone wp-image-514 size-large\" src=\"https:\/\/fakir.ch\/wp-content\/uploads\/2022\/08\/IMG_2276-768x1024.jpeg\" alt=\"\" width=\"584\" height=\"779\" srcset=\"https:\/\/fakir.ch\/wp-content\/uploads\/2022\/08\/IMG_2276-768x1024.jpeg 768w, https:\/\/fakir.ch\/wp-content\/uploads\/2022\/08\/IMG_2276-225x300.jpeg 225w, https:\/\/fakir.ch\/wp-content\/uploads\/2022\/08\/IMG_2276-1152x1536.jpeg 1152w, https:\/\/fakir.ch\/wp-content\/uploads\/2022\/08\/IMG_2276.jpeg 1536w\" sizes=\"auto, (max-width: 584px) 100vw, 584px\" \/><\/p>\n<p><img loading=\"lazy\" decoding=\"async\" class=\"alignnone wp-image-513 size-large\" src=\"https:\/\/fakir.ch\/wp-content\/uploads\/2022\/08\/IMG_2274-768x1024.jpeg\" alt=\"\" width=\"584\" height=\"779\" srcset=\"https:\/\/fakir.ch\/wp-content\/uploads\/2022\/08\/IMG_2274-768x1024.jpeg 768w, https:\/\/fakir.ch\/wp-content\/uploads\/2022\/08\/IMG_2274-225x300.jpeg 225w, https:\/\/fakir.ch\/wp-content\/uploads\/2022\/08\/IMG_2274-1152x1536.jpeg 1152w, https:\/\/fakir.ch\/wp-content\/uploads\/2022\/08\/IMG_2274.jpeg 1536w\" sizes=\"auto, (max-width: 584px) 100vw, 584px\" \/><\/p>\n<div style=\"width: 584px;\" class=\"wp-video\"><video class=\"wp-video-shortcode\" id=\"video-520-1\" width=\"584\" height=\"438\" preload=\"metadata\" controls=\"controls\"><source type=\"video\/mp4\" src=\"https:\/\/fakir.ch\/wp-content\/uploads\/2022\/08\/IMG_2279.mp4?_=1\" \/><a href=\"https:\/\/fakir.ch\/wp-content\/uploads\/2022\/08\/IMG_2279.mp4\">https:\/\/fakir.ch\/wp-content\/uploads\/2022\/08\/IMG_2279.mp4<\/a><\/video><\/div>\n<p><img loading=\"lazy\" decoding=\"async\" class=\"alignnone wp-image-515 size-large\" src=\"https:\/\/fakir.ch\/wp-content\/uploads\/2022\/08\/IMG_2281-768x1024.jpeg\" alt=\"\" width=\"584\" height=\"779\" srcset=\"https:\/\/fakir.ch\/wp-content\/uploads\/2022\/08\/IMG_2281-768x1024.jpeg 768w, https:\/\/fakir.ch\/wp-content\/uploads\/2022\/08\/IMG_2281-225x300.jpeg 225w, https:\/\/fakir.ch\/wp-content\/uploads\/2022\/08\/IMG_2281-1152x1536.jpeg 1152w, https:\/\/fakir.ch\/wp-content\/uploads\/2022\/08\/IMG_2281.jpeg 1536w\" sizes=\"auto, (max-width: 584px) 100vw, 584px\" \/><\/p>\n<div style=\"width: 584px;\" class=\"wp-video\"><video class=\"wp-video-shortcode\" id=\"video-520-2\" width=\"584\" height=\"438\" preload=\"metadata\" controls=\"controls\"><source type=\"video\/mp4\" src=\"https:\/\/fakir.ch\/wp-content\/uploads\/2022\/08\/IMG_2284.mp4?_=2\" \/><a href=\"https:\/\/fakir.ch\/wp-content\/uploads\/2022\/08\/IMG_2284.mp4\">https:\/\/fakir.ch\/wp-content\/uploads\/2022\/08\/IMG_2284.mp4<\/a><\/video><\/div>\n<p>&nbsp;<\/p>\n<div style=\"width: 584px;\" class=\"wp-video\"><video class=\"wp-video-shortcode\" id=\"video-520-3\" width=\"584\" height=\"438\" preload=\"metadata\" controls=\"controls\"><source type=\"video\/mp4\" src=\"https:\/\/fakir.ch\/wp-content\/uploads\/2022\/08\/IMG_2291.mp4?_=3\" \/><a href=\"https:\/\/fakir.ch\/wp-content\/uploads\/2022\/08\/IMG_2291.mp4\">https:\/\/fakir.ch\/wp-content\/uploads\/2022\/08\/IMG_2291.mp4<\/a><\/video><\/div>\n<p><span style=\"font-size: 12pt;\">Beim Hauptein- und Ausgang zum H\u00f6lloch rauschte es dann aber kr\u00e4ftig.<\/span><\/p>\n<p style=\"text-align: center;\"><a href=\"https:\/\/fakir.ch\/?page_id=68\">Zur\u00fcck<\/a><\/p>\n","protected":false},"excerpt":{"rendered":"<p>Das war ein ganz besonderes Erlebnis f\u00fcr diese H\u00f6lloch G\u00e4ste am 19. August 2022. Die zwei Grundelemente &#171;Feuer und Wasser&#187; Der Wasserspiegel steigt st\u00e4tig, jedoch die G\u00e4ste sind in Sicherheit im Apero Raum beim Raclette Schmaus und beim&#8230; &#8230;H\u00f6lloch-Teufel, der &hellip; <a href=\"https:\/\/fakir.ch\/?page_id=520\">Weiterlesen <span class=\"meta-nav\">&rarr;<\/span><\/a><\/p>\n","protected":false},"author":1,"featured_media":0,"parent":0,"menu_order":0,"comment_status":"closed","ping_status":"closed","template":"","meta":{"footnotes":""},"class_list":["post-520","page","type-page","status-publish","hentry"],"_links":{"self":[{"href":"https:\/\/fakir.ch\/index.php?rest_route=\/wp\/v2\/pages\/520","targetHints":{"allow":["GET"]}}],"collection":[{"href":"https:\/\/fakir.ch\/index.php?rest_route=\/wp\/v2\/pages"}],"about":[{"href":"https:\/\/fakir.ch\/index.php?rest_route=\/wp\/v2\/types\/page"}],"author":[{"embeddable":true,"href":"https:\/\/fakir.ch\/index.php?rest_route=\/wp\/v2\/users\/1"}],"replies":[{"embeddable":true,"href":"https:\/\/fakir.ch\/index.php?rest_route=%2Fwp%2Fv2%2Fcomments&post=520"}],"version-history":[{"count":10,"href":"https:\/\/fakir.ch\/index.php?rest_route=\/wp\/v2\/pages\/520\/revisions"}],"predecessor-version":[{"id":532,"href":"https:\/\/fakir.ch\/index.php?rest_route=\/wp\/v2\/pages\/520\/revisions\/532"}],"wp:attachment":[{"href":"https:\/\/fakir.ch\/index.php?rest_route=%2Fwp%2Fv2%2Fmedia&parent=520"}],"curies":[{"name":"wp","href":"https:\/\/api.w.org\/{rel}","templated":true}]}}