{"id":99,"date":"2020-09-08T17:05:23","date_gmt":"2020-09-08T17:05:23","guid":{"rendered":"https:\/\/fakir.ch\/?page_id=99"},"modified":"2025-02-12T17:43:23","modified_gmt":"2025-02-12T17:43:23","slug":"kontakt","status":"publish","type":"page","link":"https:\/\/fakir.ch\/?page_id=99","title":{"rendered":"Kontakte"},"content":{"rendered":"<p><strong><span style=\"font-size: 14pt;\">Kontakt f\u00fcr Raclette und der H\u00f6lloch-Feuershow<\/span><br \/>\n<a href=\"http:\/\/trekking.ch\" target=\"_blank\" rel=\"noopener\">Trekking Team<\/a><br \/>\n<\/strong>H\u00f6lloch-Center<br \/>\n6436 Muotathal<br \/>\nTel. +41 41 390 40 40<br \/>\nMailto: info(at)trekking.ch<\/p>\n<hr \/>\n<p><b><span style=\"font-size: 14pt;\">Kontakt <strong>f\u00fcr Raclette und der H\u00f6lloch-Feuershow<\/strong><\/span><br \/>\n<\/b>Denise Hediger (H\u00f6hlen-Raclette Verantwortliche)<br \/>\n+41 79 563 87 85<\/p>\n<p><strong>Rodani (H\u00f6lloch-Teufel)<\/strong><br \/>\n+41 79 302 60 23<br \/>\nMailto: rodani(at)fakir.ch<\/p>\n<hr \/>\n<p><strong>Betreiber der Homepage:<\/strong><br \/>\nFakir Rodani<\/p>\n<p><strong>F\u00fcr den Inhalt verantwortlich:<\/strong><br \/>\nFakir Rodani<\/p>\n<p>Die \u00fcber diese Website angebotenen Inhalte sind urheberrechtlich gesch\u00fctzt. Ihre<br \/>\nNutzung unterliegt den geltenden Urheberrechten (copyrights). Diese Website darf<br \/>\nohne Zustimmung nicht ver\u00e4ndert, kopiert, wieder ver\u00f6ffentlicht, \u00fcbertragen,<br \/>\nverbreitet oder gespeichert werden. Das Material darf ausschlie\u00dflich zu privaten,<br \/>\nnichtkommerziellen Zwecken unter strikter Ber\u00fccksichtigung von Urheberrechten<br \/>\nbenutzt werden.<\/p>\n","protected":false},"excerpt":{"rendered":"<p>Kontakt f\u00fcr Raclette und der H\u00f6lloch-Feuershow Trekking Team H\u00f6lloch-Center 6436 Muotathal Tel. +41 41 390 40 40 Mailto: info(at)trekking.ch Kontakt f\u00fcr Raclette und der H\u00f6lloch-Feuershow Denise Hediger (H\u00f6hlen-Raclette Verantwortliche) +41 79 563 87 85 Rodani (H\u00f6lloch-Teufel) +41 79 302 60 &hellip; <a href=\"https:\/\/fakir.ch\/?page_id=99\">Weiterlesen <span class=\"meta-nav\">&rarr;<\/span><\/a><\/p>\n","protected":false},"author":1,"featured_media":0,"parent":0,"menu_order":0,"comment_status":"closed","ping_status":"closed","template":"","meta":{"footnotes":""},"class_list":["post-99","page","type-page","status-publish","hentry"],"_links":{"self":[{"href":"https:\/\/fakir.ch\/index.php?rest_route=\/wp\/v2\/pages\/99","targetHints":{"allow":["GET"]}}],"collection":[{"href":"https:\/\/fakir.ch\/index.php?rest_route=\/wp\/v2\/pages"}],"about":[{"href":"https:\/\/fakir.ch\/index.php?rest_route=\/wp\/v2\/types\/page"}],"author":[{"embeddable":true,"href":"https:\/\/fakir.ch\/index.php?rest_route=\/wp\/v2\/users\/1"}],"replies":[{"embeddable":true,"href":"https:\/\/fakir.ch\/index.php?rest_route=%2Fwp%2Fv2%2Fcomments&post=99"}],"version-history":[{"count":45,"href":"https:\/\/fakir.ch\/index.php?rest_route=\/wp\/v2\/pages\/99\/revisions"}],"predecessor-version":[{"id":676,"href":"https:\/\/fakir.ch\/index.php?rest_route=\/wp\/v2\/pages\/99\/revisions\/676"}],"wp:attachment":[{"href":"https:\/\/fakir.ch\/index.php?rest_route=%2Fwp%2Fv2%2Fmedia&parent=99"}],"curies":[{"name":"wp","href":"https:\/\/api.w.org\/{rel}","templated":true}]}}